{"id":3,"date":"2023-11-01T17:25:31","date_gmt":"2023-11-01T16:25:31","guid":{"rendered":"https:\/\/drmeister.de\/wordpress\/?page_id=3"},"modified":"2024-01-24T16:15:00","modified_gmt":"2024-01-24T15:15:00","slug":"impressum","status":"publish","type":"page","link":"https:\/\/drmeister.de\/wordpress\/impressum\/","title":{"rendered":"Impressum"},"content":{"rendered":"\n<h2 class=\"wp-block-heading\">Inhaltlich verantwortlich<\/h2>\n\n\n\n<p>Dr. med. Franz Meister<br>J\u00e4gerkampstr. 2<br>83727 Schliersee\/Neuhaus<\/p>\n\n\n\n<p>Tel.: 08026 \/ 782 782<br>Fax: 08026 \/ 782 781<br>E-Mail: info@drmeister.de<\/p>\n\n\n\n<h2 class=\"wp-block-heading\">Gesetzliche Berufsbezeichnung<\/h2>\n\n\n\n<p>Arzt, Berufsbezeichnung verliehen in der Bundesrepublik Deutschland.<\/p>\n\n\n\n<h2 class=\"wp-block-heading\">Zust\u00e4ndige \u00c4rztekammer<\/h2>\n\n\n\n<p>Bayerische Landes\u00e4rztekammer<br>M\u00fchlbaurstr. 16<br>81677 M\u00fcnchen<br><a href=\"http:\/\/www.blaek.de\">www.blaek.de<\/a><\/p>\n\n\n\n<h2 class=\"wp-block-heading\">Kassen\u00e4rztliche Vereinigung (Aufsichtsbeh\u00e4rde)<\/h2>\n\n\n\n<p>Kassen\u00e4rztliche Vereinigung Bayerns<br>Elsenheimerstr. 39<br>80687 M\u00fcnchen<br><a href=\"http:\/\/www.kvb.de\">www.kvb.de<\/a><\/p>\n\n\n\n<h2 class=\"wp-block-heading\">Berufsrechtliche Regelung<\/h2>\n\n\n\n<p>Die berufsrechtlichen Regelungen sind \u00fcber die Bundes\u00e4rztekammer oder die Bayerische Landes\u00e4rztekammer zug\u00e4nglich.<br><a href=\"https:\/\/www.blaek.de\/kammerrecht\/berufsordnung-fuer-die-aerzte-bayerns\">Berufsordnung f\u00fcr die \u00c4rzte Bayerns<\/a><br><a href=\"http:\/\/www.bundesaerztekammer.de\">www.bundesaerztekammer.de<\/a><\/p>\n\n\n\n<h2 class=\"wp-block-heading\">Patienteninformation zum Datenschutz<\/h2>\n\n\n\n<p>Der Schutz der personenbezogenen Daten unserer Patienten\/innen ist uns wichtig. Nach der EU-Datenschutz-Grundverordnung (DSGVO) sind wir verpflichtet, Sie dar\u00fcber zu informieren, zu welchem Zweck unsere Praxis Daten erhebt, speichert oder weiterleitet. Dem folgenden Informationblatt (PDF) k\u00f6nnen Sie auch entnehmen, welche Rechte Sie in puncto Datenschutz haben: <a href=\"http:\/\/drmeister.de\/PDM_Datenschutz_Patienteninformation.pdf\">Patienteninformation zum Datenschutz<\/a><\/p>\n\n\n\n<h2 class=\"wp-block-heading\">Haftungs- und Rechtliche Hinweise<\/h2>\n\n\n\n<p>Trotz sorgf\u00e4ltiger inhaltlicher Kontrolle \u00fcbernehmen wir keine Haftung f\u00fcr die Inhalte externer Links. F\u00fcr den Inhalt der verlinkten Seiten sind ausschlie\u00dflich die Betreiber verantwortlich.<\/p>\n\n\n\n<p>Die auf dieser Website zur Verf\u00fcgung gestellten Informationen und Daten bieten einen \u00dcberblick \u00fcber die Praxis und unsere Aktivit\u00e4ten. Eine Haftung oder Garantie f\u00fcr die Aktualit\u00e4t, Richtigkeit und Vollst\u00e4ndigkeit der zur Verf\u00fcgung gestellten Informationen, Daten und Angebote ist jedoch ausgeschlossen. Dies gilt ebenso f\u00fcr alle Websites anderer Anbieter, auf die mittels eines Links verwiesen wird. Die Praxis Dr. Meister ist f\u00fcr den Inhalt solcher Websites nicht verantwortlich.<\/p>\n\n\n\n<p>Die Praxis Dr. Meister haftet weder f\u00fcr direkte noch indirekte Sch\u00e4den, die durch die Nutzung der Informationen oder Daten entstehen, die auf dieser Website zu finden sind. Rechte und Pflichten zwischen der Praxis Dr. Meister und dem Nutzer der Website oder Dritten sind ausgeschlossen.<\/p>\n\n\n\n<p>Pers\u00f6nliche Daten, die uns Nutzer per E-Mail \u00fcbermitteln, werden ausschlie\u00dflich f\u00fcr den angeforderten Zweck verwendet und im Rahmen des Bundesdatenschutzgesetzes genutzt. Die Praxis Dr. Meister kann jedoch nicht gew\u00e4hrleisten, dass die Daten w\u00e4hrend der \u00fcbermittlung im Internet nicht von Dritten eingesehen bzw. genutzt werden.<\/p>\n\n\n\n<p>Die Inhalte der Praxis Dr. Meister Website werden durch das Urheberrecht gesch\u00e4tzt. Ohne vorherige Genehmigung durch die Praxis Dr. Meister und au\u00dferhalb der gesetzlich zul\u00e4ssigen Verwertungs- handlungen sind sowohl die kommerzielle Vervielf&amp;uauml;ltigung, Verbreitung, \u00f6ffentliche Wiedergabe und Bearbeitung der auf diesem Server unter der Domain www.drmeister.de liegenden Webseiten ausdr\u00fccklich untersagt.<\/p>\n","protected":false},"excerpt":{"rendered":"<p>Inhaltlich verantwortlich Dr. med. Franz MeisterJ\u00e4gerkampstr. 283727 Schliersee\/Neuhaus Tel.: 08026 \/ 782 782Fax: 08026 \/ 782 781E-Mail: info@drmeister.de Gesetzliche Berufsbezeichnung Arzt, Berufsbezeichnung verliehen in der Bundesrepublik Deutschland. Zust\u00e4ndige \u00c4rztekammer Bayerische Landes\u00e4rztekammerM\u00fchlbaurstr. 1681677 M\u00fcnchenwww.blaek.de Kassen\u00e4rztliche Vereinigung (Aufsichtsbeh\u00e4rde) Kassen\u00e4rztliche Vereinigung BayernsElsenheimerstr. 3980687 M\u00fcnchenwww.kvb.de Berufsrechtliche Regelung Die berufsrechtlichen Regelungen sind \u00fcber die Bundes\u00e4rztekammer oder die Bayerische Landes\u00e4rztekammer zug\u00e4nglich.Berufsordnung&#8230;<\/p>\n","protected":false},"author":1,"featured_media":0,"parent":0,"menu_order":0,"comment_status":"closed","ping_status":"open","template":"","meta":{"footnotes":""},"class_list":["post-3","page","type-page","status-publish","hentry"],"_links":{"self":[{"href":"https:\/\/drmeister.de\/wordpress\/wp-json\/wp\/v2\/pages\/3","targetHints":{"allow":["GET"]}}],"collection":[{"href":"https:\/\/drmeister.de\/wordpress\/wp-json\/wp\/v2\/pages"}],"about":[{"href":"https:\/\/drmeister.de\/wordpress\/wp-json\/wp\/v2\/types\/page"}],"author":[{"embeddable":true,"href":"https:\/\/drmeister.de\/wordpress\/wp-json\/wp\/v2\/users\/1"}],"replies":[{"embeddable":true,"href":"https:\/\/drmeister.de\/wordpress\/wp-json\/wp\/v2\/comments?post=3"}],"version-history":[{"count":4,"href":"https:\/\/drmeister.de\/wordpress\/wp-json\/wp\/v2\/pages\/3\/revisions"}],"predecessor-version":[{"id":104,"href":"https:\/\/drmeister.de\/wordpress\/wp-json\/wp\/v2\/pages\/3\/revisions\/104"}],"wp:attachment":[{"href":"https:\/\/drmeister.de\/wordpress\/wp-json\/wp\/v2\/media?parent=3"}],"curies":[{"name":"wp","href":"https:\/\/api.w.org\/{rel}","templated":true}]}}